{"id":7893,"date":"2023-12-19T14:26:11","date_gmt":"2023-12-19T14:26:11","guid":{"rendered":"https:\/\/adventureinperu.com\/?post_type=product&#038;p=7893"},"modified":"2024-02-24T22:33:42","modified_gmt":"2024-02-24T22:33:42","slug":"palccoyo-mas-queswechaca-tour","status":"publish","type":"product","link":"https:\/\/adventureinperu.com\/es\/vinicunca\/palccoyo-mas-queswechaca-tour\/","title":{"rendered":"Palccoyo mas Queswachaca tour"},"content":{"rendered":"","protected":false},"excerpt":{"rendered":"","protected":false},"featured_media":4978,"comment_status":"open","ping_status":"closed","template":"","meta":{"site-sidebar-layout":"default","site-content-layout":"","ast-site-content-layout":"default","site-content-style":"default","site-sidebar-style":"default","ast-global-header-display":"","ast-banner-title-visibility":"","ast-main-header-display":"","ast-hfb-above-header-display":"","ast-hfb-below-header-display":"","ast-hfb-mobile-header-display":"","site-post-title":"","ast-breadcrumbs-content":"","ast-featured-img":"","footer-sml-layout":"","theme-transparent-header-meta":"default","adv-header-id-meta":"","stick-header-meta":"","header-above-stick-meta":"","header-main-stick-meta":"","header-below-stick-meta":"","astra-migrate-meta-layouts":"set","ast-page-background-enabled":"default","ast-page-background-meta":{"desktop":{"background-color":"","background-image":"","background-repeat":"repeat","background-position":"center center","background-size":"auto","background-attachment":"scroll","background-type":"","background-media":"","overlay-type":"","overlay-color":"","overlay-gradient":""},"tablet":{"background-color":"","background-image":"","background-repeat":"repeat","background-position":"center center","background-size":"auto","background-attachment":"scroll","background-type":"","background-media":"","overlay-type":"","overlay-color":"","overlay-gradient":""},"mobile":{"background-color":"","background-image":"","background-repeat":"repeat","background-position":"center center","background-size":"auto","background-attachment":"scroll","background-type":"","background-media":"","overlay-type":"","overlay-color":"","overlay-gradient":""}},"ast-content-background-meta":{"desktop":{"background-color":"var(--ast-global-color-5)","background-image":"","background-repeat":"repeat","background-position":"center center","background-size":"auto","background-attachment":"scroll","background-type":"","background-media":"","overlay-type":"","overlay-color":"","overlay-gradient":""},"tablet":{"background-color":"var(--ast-global-color-5)","background-image":"","background-repeat":"repeat","background-position":"center center","background-size":"auto","background-attachment":"scroll","background-type":"","background-media":"","overlay-type":"","overlay-color":"","overlay-gradient":""},"mobile":{"background-color":"var(--ast-global-color-5)","background-image":"","background-repeat":"repeat","background-position":"center center","background-size":"auto","background-attachment":"scroll","background-type":"","background-media":"","overlay-type":"","overlay-color":"","overlay-gradient":""}}},"product_cat":[53,52],"product_tag":[],"tour_destinations":[23,55],"class_list":{"0":"post-7893","1":"product","2":"type-product","3":"status-publish","4":"has-post-thumbnail","6":"product_cat-tours","7":"product_cat-trekkings","8":"tour_destinations-cusco","9":"tour_destinations-vinicunca","10":"desktop-align-left","11":"tablet-align-left","12":"mobile-align-left","14":"first","15":"instock","16":"virtual","17":"sold-individually","18":"taxable","19":"purchasable","20":"product-type-booking"},"acf":[],"yoast_head":"<!-- This site is optimized with the Yoast SEO Premium plugin v21.7 (Yoast SEO v23.3) - https:\/\/yoast.com\/wordpress\/plugins\/seo\/ -->\n<title>Palccoyo mas Queswachaca tour - Adventure In Peru<\/title>\n<meta name=\"description\" content=\"Explore la monta\u00f1a Arco\u00edris Palccoyo en Cusco y el puente de cuerda Q&#039;eswachaka sea testigo de lugares \u00fanicos en una excursi\u00f3n de un d\u00eda desde Cusco\" \/>\n<meta name=\"robots\" content=\"noindex, follow, max-snippet:-1, max-image-preview:large, max-video-preview:-1\" \/>\n<meta property=\"og:locale\" content=\"es_ES\" \/>\n<meta property=\"og:type\" content=\"article\" \/>\n<meta property=\"og:title\" content=\"Palccoyo mas Queswachaca tour\" \/>\n<meta property=\"og:description\" content=\"Explore la monta\u00f1a Arco\u00edris Palccoyo en Cusco y el puente de cuerda Q&#039;eswachaka sea testigo de lugares \u00fanicos en una excursi\u00f3n de un d\u00eda desde Cusco\" \/>\n<meta property=\"og:url\" content=\"https:\/\/adventureinperu.com\/es\/vinicunca\/palccoyo-mas-queswechaca-tour\/\" \/>\n<meta property=\"og:site_name\" content=\"Adventure In Peru\" \/>\n<meta property=\"article:modified_time\" content=\"2024-02-24T22:33:42+00:00\" \/>\n<meta property=\"og:image\" content=\"https:\/\/adventureinperu.com\/es\/wp-content\/uploads\/2020\/03\/palccoyo-plus-queswachaca-view-of-the-colored-mountain-from-the-top.jpg\" \/>\n\t<meta property=\"og:image:width\" content=\"950\" \/>\n\t<meta property=\"og:image:height\" content=\"550\" \/>\n\t<meta property=\"og:image:type\" content=\"image\/jpeg\" \/>\n<meta name=\"twitter:card\" content=\"summary_large_image\" \/>\n<meta name=\"twitter:label1\" content=\"Precio\" \/>\n\t<meta name=\"twitter:data1\" content=\"&#036;&nbsp;95.00\" \/>\n\t<meta name=\"twitter:label2\" content=\"Disponibilidad\" \/>\n\t<meta name=\"twitter:data2\" content=\"Disponible\" \/>\n<script type=\"application\/ld+json\" class=\"yoast-schema-graph\">{\"@context\":\"https:\/\/schema.org\",\"@graph\":[{\"@type\":\"WebPage\",\"@id\":\"https:\/\/adventureinperu.com\/es\/vinicunca\/palccoyo-mas-queswechaca-tour\/\",\"url\":\"https:\/\/adventureinperu.com\/es\/vinicunca\/palccoyo-mas-queswechaca-tour\/\",\"name\":\"Palccoyo mas Queswachaca tour - Adventure In Peru\",\"isPartOf\":{\"@id\":\"https:\/\/adventureinperu.com\/es\/#website\"},\"primaryImageOfPage\":{\"@id\":\"https:\/\/adventureinperu.com\/es\/vinicunca\/palccoyo-mas-queswechaca-tour\/#primaryimage\"},\"image\":{\"@id\":\"https:\/\/adventureinperu.com\/es\/vinicunca\/palccoyo-mas-queswechaca-tour\/#primaryimage\"},\"thumbnailUrl\":\"https:\/\/adventureinperu.com\/es\/wp-content\/uploads\/2020\/03\/palccoyo-plus-queswachaca-view-of-the-colored-mountain-from-the-top.jpg\",\"datePublished\":\"2023-12-19T14:26:11+00:00\",\"dateModified\":\"2024-02-24T22:33:42+00:00\",\"description\":\"Explore la monta\u00f1a Arco\u00edris Palccoyo en Cusco y el puente de cuerda Q'eswachaka sea testigo de lugares \u00fanicos en una excursi\u00f3n de un d\u00eda desde Cusco\",\"breadcrumb\":{\"@id\":\"https:\/\/adventureinperu.com\/es\/vinicunca\/palccoyo-mas-queswechaca-tour\/#breadcrumb\"},\"inLanguage\":\"es\",\"potentialAction\":[{\"@type\":\"ReadAction\",\"target\":[\"https:\/\/adventureinperu.com\/es\/vinicunca\/palccoyo-mas-queswechaca-tour\/\"]}]},{\"@type\":\"ImageObject\",\"inLanguage\":\"es\",\"@id\":\"https:\/\/adventureinperu.com\/es\/vinicunca\/palccoyo-mas-queswechaca-tour\/#primaryimage\",\"url\":\"https:\/\/adventureinperu.com\/es\/wp-content\/uploads\/2020\/03\/palccoyo-plus-queswachaca-view-of-the-colored-mountain-from-the-top.jpg\",\"contentUrl\":\"https:\/\/adventureinperu.com\/es\/wp-content\/uploads\/2020\/03\/palccoyo-plus-queswachaca-view-of-the-colored-mountain-from-the-top.jpg\",\"width\":950,\"height\":550,\"caption\":\"palccoyo plus queswachaca - view of the colored mountain from the top\"},{\"@type\":\"BreadcrumbList\",\"@id\":\"https:\/\/adventureinperu.com\/es\/vinicunca\/palccoyo-mas-queswechaca-tour\/#breadcrumb\",\"itemListElement\":[{\"@type\":\"ListItem\",\"position\":1,\"name\":\"Home\",\"item\":\"https:\/\/adventureinperu.com\/es\/\"},{\"@type\":\"ListItem\",\"position\":2,\"name\":\"Shop\",\"item\":\"https:\/\/adventureinperu.com\/es\/shop\/\"},{\"@type\":\"ListItem\",\"position\":3,\"name\":\"Vinicunca\",\"item\":\"https:\/\/adventureinperu.com\/es\/vinicunca\/\"},{\"@type\":\"ListItem\",\"position\":4,\"name\":\"Palccoyo mas Queswachaca tour\"}]},{\"@type\":\"WebSite\",\"@id\":\"https:\/\/adventureinperu.com\/es\/#website\",\"url\":\"https:\/\/adventureinperu.com\/es\/\",\"name\":\"Adventure In Peru\",\"description\":\"Explore Peru\",\"publisher\":{\"@id\":\"https:\/\/adventureinperu.com\/es\/#organization\"},\"potentialAction\":[{\"@type\":\"SearchAction\",\"target\":{\"@type\":\"EntryPoint\",\"urlTemplate\":\"https:\/\/adventureinperu.com\/es\/?s={search_term_string}\"},\"query-input\":\"required name=search_term_string\"}],\"inLanguage\":\"es\"},{\"@type\":\"Organization\",\"@id\":\"https:\/\/adventureinperu.com\/es\/#organization\",\"name\":\"Adventure in Peru\",\"alternateName\":\"Adventure in Peru\",\"url\":\"https:\/\/adventureinperu.com\/es\/\",\"logo\":{\"@type\":\"ImageObject\",\"inLanguage\":\"es\",\"@id\":\"https:\/\/adventureinperu.com\/es\/#\/schema\/logo\/image\/\",\"url\":\"https:\/\/adventureinperu.com\/es\/wp-content\/uploads\/2023\/05\/logo2.jpg\",\"contentUrl\":\"https:\/\/adventureinperu.com\/es\/wp-content\/uploads\/2023\/05\/logo2.jpg\",\"width\":240,\"height\":125,\"caption\":\"Adventure in Peru\"},\"image\":{\"@id\":\"https:\/\/adventureinperu.com\/es\/#\/schema\/logo\/image\/\"}}]}<\/script>\n<meta property=\"product:price:amount\" content=\"95.00\" \/>\n<meta property=\"product:price:currency\" content=\"USD\" \/>\n<meta property=\"og:availability\" content=\"instock\" \/>\n<meta property=\"product:availability\" content=\"instock\" \/>\n<meta property=\"product:condition\" content=\"new\" \/>\n<!-- \/ Yoast SEO Premium plugin. -->","yoast_head_json":{"title":"Palccoyo mas Queswachaca tour - Adventure In Peru","description":"Explore la monta\u00f1a Arco\u00edris Palccoyo en Cusco y el puente de cuerda Q'eswachaka sea testigo de lugares \u00fanicos en una excursi\u00f3n de un d\u00eda desde Cusco","robots":{"index":"noindex","follow":"follow","max-snippet":"max-snippet:-1","max-image-preview":"max-image-preview:large","max-video-preview":"max-video-preview:-1"},"og_locale":"es_ES","og_type":"article","og_title":"Palccoyo mas Queswachaca tour","og_description":"Explore la monta\u00f1a Arco\u00edris Palccoyo en Cusco y el puente de cuerda Q'eswachaka sea testigo de lugares \u00fanicos en una excursi\u00f3n de un d\u00eda desde Cusco","og_url":"https:\/\/adventureinperu.com\/es\/vinicunca\/palccoyo-mas-queswechaca-tour\/","og_site_name":"Adventure In Peru","article_modified_time":"2024-02-24T22:33:42+00:00","og_image":[{"width":950,"height":550,"url":"https:\/\/adventureinperu.com\/es\/wp-content\/uploads\/2020\/03\/palccoyo-plus-queswachaca-view-of-the-colored-mountain-from-the-top.jpg","type":"image\/jpeg"}],"twitter_card":"summary_large_image","twitter_misc":{"Precio":"&#36;&nbsp;95.00","Disponibilidad":"Disponible"},"schema":{"@context":"https:\/\/schema.org","@graph":[{"@type":"WebPage","@id":"https:\/\/adventureinperu.com\/es\/vinicunca\/palccoyo-mas-queswechaca-tour\/","url":"https:\/\/adventureinperu.com\/es\/vinicunca\/palccoyo-mas-queswechaca-tour\/","name":"Palccoyo mas Queswachaca tour - Adventure In Peru","isPartOf":{"@id":"https:\/\/adventureinperu.com\/es\/#website"},"primaryImageOfPage":{"@id":"https:\/\/adventureinperu.com\/es\/vinicunca\/palccoyo-mas-queswechaca-tour\/#primaryimage"},"image":{"@id":"https:\/\/adventureinperu.com\/es\/vinicunca\/palccoyo-mas-queswechaca-tour\/#primaryimage"},"thumbnailUrl":"https:\/\/adventureinperu.com\/es\/wp-content\/uploads\/2020\/03\/palccoyo-plus-queswachaca-view-of-the-colored-mountain-from-the-top.jpg","datePublished":"2023-12-19T14:26:11+00:00","dateModified":"2024-02-24T22:33:42+00:00","description":"Explore la monta\u00f1a Arco\u00edris Palccoyo en Cusco y el puente de cuerda Q'eswachaka sea testigo de lugares \u00fanicos en una excursi\u00f3n de un d\u00eda desde Cusco","breadcrumb":{"@id":"https:\/\/adventureinperu.com\/es\/vinicunca\/palccoyo-mas-queswechaca-tour\/#breadcrumb"},"inLanguage":"es","potentialAction":[{"@type":"ReadAction","target":["https:\/\/adventureinperu.com\/es\/vinicunca\/palccoyo-mas-queswechaca-tour\/"]}]},{"@type":"ImageObject","inLanguage":"es","@id":"https:\/\/adventureinperu.com\/es\/vinicunca\/palccoyo-mas-queswechaca-tour\/#primaryimage","url":"https:\/\/adventureinperu.com\/es\/wp-content\/uploads\/2020\/03\/palccoyo-plus-queswachaca-view-of-the-colored-mountain-from-the-top.jpg","contentUrl":"https:\/\/adventureinperu.com\/es\/wp-content\/uploads\/2020\/03\/palccoyo-plus-queswachaca-view-of-the-colored-mountain-from-the-top.jpg","width":950,"height":550,"caption":"palccoyo plus queswachaca - view of the colored mountain from the top"},{"@type":"BreadcrumbList","@id":"https:\/\/adventureinperu.com\/es\/vinicunca\/palccoyo-mas-queswechaca-tour\/#breadcrumb","itemListElement":[{"@type":"ListItem","position":1,"name":"Home","item":"https:\/\/adventureinperu.com\/es\/"},{"@type":"ListItem","position":2,"name":"Shop","item":"https:\/\/adventureinperu.com\/es\/shop\/"},{"@type":"ListItem","position":3,"name":"Vinicunca","item":"https:\/\/adventureinperu.com\/es\/vinicunca\/"},{"@type":"ListItem","position":4,"name":"Palccoyo mas Queswachaca tour"}]},{"@type":"WebSite","@id":"https:\/\/adventureinperu.com\/es\/#website","url":"https:\/\/adventureinperu.com\/es\/","name":"Adventure In Peru","description":"Explore Peru","publisher":{"@id":"https:\/\/adventureinperu.com\/es\/#organization"},"potentialAction":[{"@type":"SearchAction","target":{"@type":"EntryPoint","urlTemplate":"https:\/\/adventureinperu.com\/es\/?s={search_term_string}"},"query-input":"required name=search_term_string"}],"inLanguage":"es"},{"@type":"Organization","@id":"https:\/\/adventureinperu.com\/es\/#organization","name":"Adventure in Peru","alternateName":"Adventure in Peru","url":"https:\/\/adventureinperu.com\/es\/","logo":{"@type":"ImageObject","inLanguage":"es","@id":"https:\/\/adventureinperu.com\/es\/#\/schema\/logo\/image\/","url":"https:\/\/adventureinperu.com\/es\/wp-content\/uploads\/2023\/05\/logo2.jpg","contentUrl":"https:\/\/adventureinperu.com\/es\/wp-content\/uploads\/2023\/05\/logo2.jpg","width":240,"height":125,"caption":"Adventure in Peru"},"image":{"@id":"https:\/\/adventureinperu.com\/es\/#\/schema\/logo\/image\/"}}]},"product_price_amount":"95.00","product_price_currency":"USD","og_availability":"instock","product_availability":"instock","product_condition":"new"},"_links":{"self":[{"href":"https:\/\/adventureinperu.com\/es\/wp-json\/wp\/v2\/product\/7893","targetHints":{"allow":["GET"]}}],"collection":[{"href":"https:\/\/adventureinperu.com\/es\/wp-json\/wp\/v2\/product"}],"about":[{"href":"https:\/\/adventureinperu.com\/es\/wp-json\/wp\/v2\/types\/product"}],"replies":[{"embeddable":true,"href":"https:\/\/adventureinperu.com\/es\/wp-json\/wp\/v2\/comments?post=7893"}],"wp:featuredmedia":[{"embeddable":true,"href":"https:\/\/adventureinperu.com\/es\/wp-json\/wp\/v2\/media\/4978"}],"wp:attachment":[{"href":"https:\/\/adventureinperu.com\/es\/wp-json\/wp\/v2\/media?parent=7893"}],"wp:term":[{"taxonomy":"product_cat","embeddable":true,"href":"https:\/\/adventureinperu.com\/es\/wp-json\/wp\/v2\/product_cat?post=7893"},{"taxonomy":"product_tag","embeddable":true,"href":"https:\/\/adventureinperu.com\/es\/wp-json\/wp\/v2\/product_tag?post=7893"},{"taxonomy":"tour_destinations","embeddable":true,"href":"https:\/\/adventureinperu.com\/es\/wp-json\/wp\/v2\/tour_destinations?post=7893"}],"curies":[{"name":"wp","href":"https:\/\/api.w.org\/{rel}","templated":true}]}}